{"id":11691,"date":"2015-12-28T11:50:42","date_gmt":"2015-12-28T10:50:42","guid":{"rendered":"http:\/\/www.feutremoi.be\/?page_id=11691"},"modified":"2017-10-10T21:08:06","modified_gmt":"2017-10-10T20:08:06","slug":"presentation","status":"publish","type":"page","link":"http:\/\/www.perledechapeau.be\/index.php\/presentation\/","title":{"rendered":"Pr\u00e9sentation"},"content":{"rendered":"<p>[vc_row bg_check=\u00a0\u00bbrow-background-dark\u00a0\u00bb css=\u00a0\u00bb.vc_custom_1476255657036{background-image: url(http:\/\/www.perledechapeau.be\/wp-content\/uploads\/2016\/10\/Laine-\u00e0-feutrer-low.png?id=14055) !important;background-position: center !important;background-repeat: no-repeat !important;background-size: cover !important;}\u00a0\u00bb][vc_column]<div class=\"ult-spacer spacer-69e4a4b50e260\" data-id=\"69e4a4b50e260\" data-height=\"80\" data-height-mobile=\"30\" data-height-tab=\"50\" style=\"clear:both;display:block;\"><\/div><div class=\"dfd-heading-shortcode\"><div class=\"dfd-heading-module-wrap  text-center style_05 dfd-disable-resposive-headings\" id=\"dfd-heading-69e4a4b50e30b\" ><div class=\"inline-block\"><div class=\"dfd-heading-module\"><h5 class=\"widget-title \" style=\"\">Isabelle Mathieu<\/h5><div class=\"dfd-heading-delimiter\"><\/div><h3 class=\"widget-sub-title \" style=\"\">Pr\u00e9sentation<\/h3><\/div><\/div><\/div><script type=\"text\/javascript\">\r\n\t\t\t\t\t\t\t\t\t(function($) {\r\n\t\t\t\t\t\t\t\t\t\t$(\"head\").append(\"<style>#dfd-heading-69e4a4b50e30b .dfd-heading-delimiter {border-bottom-style:solid;border-bottom-width:1px;width:100px;border-bottom-color:#dddddd;}#dfd-heading-69e4a4b50e30b .dfd-heading-delimiter {margin-top:10px;margin-bottom:10px;}<\/style>\");\r\n\t\t\t\t\t\t\t\t\t})(jQuery);\r\n\t\t\t\t\t\t\t\t<\/script><\/div><div class=\"ult-spacer spacer-69e4a4b50e4fe\" data-id=\"69e4a4b50e4fe\" data-height=\"80\" data-height-mobile=\"30\" data-height-tab=\"50\" style=\"clear:both;display:block;\"><\/div>[\/vc_column][\/vc_row][vc_row bg_check=\u00a0\u00bbrow-background-dark\u00a0\u00bb][vc_column]<div id=\"dfd-announce-69e4a4b50e573-6320\" class=\"dfd-announce-module-wrap align-center no_full_bg_class  style-2 layout-1\" ><div class=\"dfd-announce-module\"><div class=\"module-icon\" style=\"background:#727272; font-size:20px; color:#ef7704;\"><i class = \"dfd-icon-cross\"><\/i><\/div><div class=\"module-text\" style=\"color: #4c4c4c; \">La nature, les textiles et particuli\u00e8rement les tissus m\u2019ont toujours fascin\u00e9e.<br \/>\nJ\u2019aime les toucher, les choisir, les juxtaposer et cr\u00e9er des accessoires de mode et de d\u00e9coration suivant ma sensibilit\u00e9 et ma joie de vivre.<br \/>\nPour moi, la couture n\u2019est pas seulement une occupation, c\u2019est un plaisir de choisir, de couper, d\u2019assembler, d\u2019embellir tous ces bouts de tissu et enfin\u2026d\u00e9couvrir une \u0153uvre\u00a0!<br \/>\nSi aujourd\u2019hui, je choisis de montrer mes cr\u00e9ations au regard des autres c\u2019est simplement pour avancer et partager ma passion.<br \/>\nMes cr\u00e9ations sont r\u00e9alis\u00e9es principalement en <strong>\u00ab\u00a0laine\u00a0\u00bb<\/strong>.<br \/>\nA partir d\u2019une mati\u00e8re simple, naturelle, j\u2019imagine et je r\u00e9alise principalement des chapeaux.\u00a0Pour moi, la couture n\u2019est pas seulement une occupation, c\u2019est un plaisir de choisir, de couper, d\u2019assembler, d\u2019embellir tous ces bouts de tissu et enfin\u2026d\u00e9couvrir une \u0153uvre\u00a0!<\/div><\/div><\/div><script type=\"text\/javascript\">\r\n\t\t\t\t\t(function($) {\r\n\t\t\t\t\t\t$(\"head\").append(\"<style>#dfd-announce-69e4a4b50e573-6320.dfd-announce-module-wrap.full_bg_class .dfd-announce-module:before {top:20px; }#dfd-announce-69e4a4b50e573-6320.dfd-announce-module-wrap .dfd-announce-module {style=&quot;margin-top:20px; &quot;}#dfd-announce-69e4a4b50e573-6320.dfd-announce-module-wrap .dfd-announce-module:before {style=&quot;border:#a8a8a8 2px solid; &quot;}<\/style>\");\r\n\t\t\t\t\t})(jQuery);\r\n\t\t\t\t<\/script><div class=\"dfd-spacer-module\"  data-units=\"px\" data-wide_resolution=\"1280\" data-wide_size=\"30\" data-normal_resolution=\"1024\" data-normal_size=\"\" data-tablet_resolution=\"800\" data-tablet_size=\"\" data-mobile_resolution=\"480\" data-mobile_size=\"\" style=\"height: 30px;\"><\/div>[\/vc_column][\/vc_row][vc_row force_equal_height_columns=\u00a0\u00bbmain_row\u00a0\u00bb dfd_row_config=\u00a0\u00bbdefault_row_small_paddings\u00a0\u00bb][vc_column width=\u00a0\u00bb1\/3&Prime;]<div class=\"dfd-info-banner style-11  text-center\" ><div class=\"image-wrap\"><div class=\"image-cover\"><img src=\"http:\/\/www.perledechapeau.be\/wp-content\/uploads\/2017\/10\/2017LB9-250x250.jpg\" class=\"info-banner-image \" \/><\/div><div class=\"overlay\" ><\/div><div class=\"content-wrap\"><div class=\"info-box-title feature-title\" style=\"\">Laine Bouillie<\/div><div class=\"wrap-delimiter\"><div class=\"delimiter\" ><\/div><\/div><div class=\"description\" style=\"\"><\/div><\/div><\/div><a href=\"http:\/\/www.perledechapeau.be\/index.php\/gallery\/creations-en-laine-bouillie\/\" class=\"full-box-link\"><\/a><\/div>[\/vc_column][vc_column width=\u00a0\u00bb1\/3&Prime;]<div class=\"dfd-info-banner style-11  text-center\" ><div class=\"image-wrap\"><div class=\"image-cover\"><img src=\"http:\/\/www.perledechapeau.be\/wp-content\/uploads\/2017\/10\/2017F26-250x250.jpg\" class=\"info-banner-image \" \/><\/div><div class=\"overlay\" ><\/div><div class=\"content-wrap\"><div class=\"info-box-title feature-title\" style=\"\">Laine feutr\u00e9e<\/div><div class=\"wrap-delimiter\"><div class=\"delimiter\" ><\/div><\/div><div class=\"description\" style=\"\"><\/div><\/div><\/div><a href=\"http:\/\/www.perledechapeau.be\/index.php\/gallery\/atelier-de-laine-feutree\/\" class=\"full-box-link\"><\/a><\/div>[\/vc_column][vc_column width=\u00a0\u00bb1\/3&Prime;]<div class=\"dfd-info-banner style-11  text-center\" ><div class=\"image-wrap\"><div class=\"image-cover\"><img src=\"http:\/\/www.perledechapeau.be\/wp-content\/uploads\/2017\/10\/2017FL1-250x250.jpg\" class=\"info-banner-image \" \/><\/div><div class=\"overlay\" ><\/div><div class=\"content-wrap\"><div class=\"info-box-title feature-title\" style=\"\">poil de lapin<\/div><div class=\"wrap-delimiter\"><div class=\"delimiter\" ><\/div><\/div><div class=\"description\" style=\"\"><\/div><\/div><\/div><a href=\"http:\/\/www.perledechapeau.be\/index.php\/gallery\/feutre-belge\/\" class=\"full-box-link\"><\/a><\/div>[\/vc_column][\/vc_row][vc_row][vc_column]<div id=\"dfd-announce-69e4a4b510888-546\" class=\"dfd-announce-module-wrap align-center no_full_bg_class  style-3 layout-1\" ><div class=\"dfd-announce-module\"><div class=\"module-icon\" style=\"background:#727272; font-size:20px; color:#ef7704;\"><i class = \"dfd-icon-cross\"><\/i><\/div><div class=\"module-text\" style=\"font-size: 16px; color: #ed7704; letter-spacing: 5px; \">Trois mati\u00e8res bien diff\u00e9rentes ayant chacune sa richesse&#8230;<\/div><\/div><\/div><script type=\"text\/javascript\">\r\n\t\t\t\t\t(function($) {\r\n\t\t\t\t\t\t$(\"head\").append(\"<style>#dfd-announce-69e4a4b510888-546.dfd-announce-module-wrap.full_bg_class .dfd-announce-module:before {top:20px; }#dfd-announce-69e4a4b510888-546.dfd-announce-module-wrap .dfd-announce-module {style=&quot;margin-top:20px; &quot;}#dfd-announce-69e4a4b510888-546.dfd-announce-module-wrap .dfd-announce-module:before {style=&quot;&quot;}<\/style>\");\r\n\t\t\t\t\t})(jQuery);\r\n\t\t\t\t<\/script><div class=\"dfd-spacer-module\"  data-units=\"px\" data-wide_resolution=\"1280\" data-wide_size=\"30\" data-normal_resolution=\"1024\" data-normal_size=\"\" data-tablet_resolution=\"800\" data-tablet_size=\"\" data-mobile_resolution=\"480\" data-mobile_size=\"\" style=\"height: 30px;\"><\/div>[\/vc_column][\/vc_row]<\/p>\n","protected":false},"excerpt":{"rendered":"<p>[vc_row bg_check=\u00a0\u00bbrow-background-dark\u00a0\u00bb css=\u00a0\u00bb.vc_custom_1476255657036{background-image: url(http:\/\/www.perledechapeau.be\/wp-content\/uploads\/2016\/10\/Laine-\u00e0-feutrer-low.png?id=14055) !important;background-position: center !important;background-repeat: no-repeat !important;background-size: cover !important;}\u00a0\u00bb][vc_column][\/vc_column][\/vc_row][vc_row bg_check=\u00a0\u00bbrow-background-dark\u00a0\u00bb][vc_column][\/vc_column][\/vc_row][vc_row force_equal_height_columns=\u00a0\u00bbmain_row\u00a0\u00bb dfd_row_config=\u00a0\u00bbdefault_row_small_paddings\u00a0\u00bb][vc_column width=\u00a0\u00bb1\/3&Prime;][\/vc_column][vc_column width=\u00a0\u00bb1\/3&Prime;][\/vc_column][vc_column width=\u00a0\u00bb1\/3&Prime;][\/vc_column][\/vc_row][vc_row][vc_column][\/vc_column][\/vc_row]<\/p>\n","protected":false},"author":1,"featured_media":0,"parent":0,"menu_order":0,"comment_status":"closed","ping_status":"closed","template":"page-custom.php","meta":[],"acf":[],"_links":{"self":[{"href":"http:\/\/www.perledechapeau.be\/index.php\/wp-json\/wp\/v2\/pages\/11691"}],"collection":[{"href":"http:\/\/www.perledechapeau.be\/index.php\/wp-json\/wp\/v2\/pages"}],"about":[{"href":"http:\/\/www.perledechapeau.be\/index.php\/wp-json\/wp\/v2\/types\/page"}],"author":[{"embeddable":true,"href":"http:\/\/www.perledechapeau.be\/index.php\/wp-json\/wp\/v2\/users\/1"}],"replies":[{"embeddable":true,"href":"http:\/\/www.perledechapeau.be\/index.php\/wp-json\/wp\/v2\/comments?post=11691"}],"version-history":[{"count":6,"href":"http:\/\/www.perledechapeau.be\/index.php\/wp-json\/wp\/v2\/pages\/11691\/revisions"}],"predecessor-version":[{"id":14433,"href":"http:\/\/www.perledechapeau.be\/index.php\/wp-json\/wp\/v2\/pages\/11691\/revisions\/14433"}],"wp:attachment":[{"href":"http:\/\/www.perledechapeau.be\/index.php\/wp-json\/wp\/v2\/media?parent=11691"}],"curies":[{"name":"wp","href":"https:\/\/api.w.org\/{rel}","templated":true}]}}